{"id":39,"date":"2023-01-16T13:14:25","date_gmt":"2023-01-16T13:14:25","guid":{"rendered":"https:\/\/riga-stag-do.com\/about-us\/"},"modified":"2026-02-24T09:03:49","modified_gmt":"2026-02-24T09:03:49","slug":"uber-uns","status":"publish","type":"page","link":"https:\/\/riga-stag-do.com\/de\/uber-uns\/","title":{"rendered":"\u00dcber uns"},"content":{"rendered":"<p>Unser Team hat es sich zur Aufgabe gemacht, Ihren Junggesellenabschied in Riga zu einem unvergesslichen Erlebnis zu machen. Wir verstehen, dass die Planung einer Reise \u00fcberw\u00e4ltigend sein kann, besonders wenn es sich um einen Junggesellenabschied handelt, aber keine Sorge, <strong>wir haben alles f\u00fcr Sie.<\/strong><\/p>\n\n\n\n<p>Wir sind bestrebt, einen au\u00dfergew\u00f6hnlichen Service zu bieten und sicherzustellen, dass alles reibungslos abl\u00e4uft. Wir arbeiten bei jedem Schritt mit Ihnen zusammen und erstellen <strong>eine ma\u00dfgeschneiderte Reiseroute<\/strong> die den individuellen Interessen und Vorlieben Ihrer Gruppe entspricht.<\/p>\n\n\n\n<p>Mit unserem lokalen Wissen und unserer Erfahrung werden wir <strong>helfen Ihnen, h\u00e4ufige Fehler zu vermeiden <\/strong>und machen Sie das Beste aus Ihrer Zeit in Riga. Ob es darum geht, die beste Unterkunft in der N\u00e4he des Geschehens zu finden oder sicherzustellen, dass Ihre Aktivit\u00e4ten sowohl Spa\u00df machen als auch sicher sind - wir k\u00fcmmern uns um alle Details.<\/p>\n\n\n\n<p>Unser Ziel ist es, sicherzustellen, dass Sie und Ihre Freunde<strong> Ich w\u00fcnsche Ihnen ein fantastisches Wochenende<\/strong> gef\u00fcllt mit tollen Erinnerungen. Lehnen Sie sich also zur\u00fcck, entspannen Sie sich und \u00fcberlassen Sie uns die Planung, damit Sie sich auf das Erlebnis konzentrieren k\u00f6nnen.<\/p>\n\n\n\n<figure class=\"wp-block-image size-large\"><img loading=\"lazy\" decoding=\"async\" width=\"1024\" height=\"669\" src=\"https:\/\/riga-stag-do.com\/wp-content\/uploads\/riga-evening-1024x669.webp\" alt=\"Rigaer Abend\" class=\"wp-image-1045\" srcset=\"https:\/\/riga-stag-do.com\/wp-content\/uploads\/riga-evening-1024x669.webp 1024w, https:\/\/riga-stag-do.com\/wp-content\/uploads\/riga-evening-300x196.webp 300w, https:\/\/riga-stag-do.com\/wp-content\/uploads\/riga-evening-768x502.webp 768w, https:\/\/riga-stag-do.com\/wp-content\/uploads\/riga-evening-1536x1004.webp 1536w, https:\/\/riga-stag-do.com\/wp-content\/uploads\/riga-evening-2048x1339.webp 2048w, https:\/\/riga-stag-do.com\/wp-content\/uploads\/riga-evening-18x12.webp 18w, https:\/\/riga-stag-do.com\/wp-content\/uploads\/riga-evening-scaled.webp 1920w\" sizes=\"auto, (max-width: 1024px) 100vw, 1024px\" \/><figcaption class=\"wp-element-caption\">Riga ist ein gro\u00dfartiger Ort, um Ihren Junggesellenabschied zu feiern<\/figcaption><\/figure>\n\n\n\n<h2 class=\"wp-block-heading\">Engagiert und vertrauensw\u00fcrdig<\/h2>\n\n\n\n<p>Wir haben uns seit 2015 auf die Organisation von unvergesslichen Junggesellenabschieden spezialisiert und bieten <strong>eine sichere und finanziell abgesicherte<\/strong> Reiseerlebnis f\u00fcr unsere Kunden.<\/p>\n\n\n\n<p>Wir von Stag Do Riga wissen, dass Riga eine geschichtstr\u00e4chtige Stadt ist, die vor moderner Energie nur so strotzt. Gegr\u00fcndet im Jahr 1201, ist sie<strong> eine der \u00e4ltesten St\u00e4dte des Baltikums<\/strong>Das reiche kulturelle Erbe spiegelt sich in der beeindruckenden Architektur, den Museen und den Traditionen wider.<\/p>\n\n\n\n<p>Unser<strong> flexible Buchungsm\u00f6glichkeiten<\/strong> machen es Ihnen leicht, schnell und effizient eine tolle Junggesellenreise zusammenzustellen, damit Sie sich zur\u00fccklehnen, entspannen und Ihre Energie f\u00fcr die Reise Ihres Lebens aufsparen k\u00f6nnen.<\/p>\n\n\n\n<p>Riga ist bekannt als<strong> der Geburtsort des Weihnachtsbaums<\/strong>Die Einheimischen behaupten, dass der erste geschm\u00fcckte Baum im Jahr 1510 in der Altstadt aufgestellt wurde. Diese faszinierende Geschichte ist nur einer der vielen Gr\u00fcnde, warum Riga ein einzigartiges und fesselndes Ziel f\u00fcr einen Junggesellenabschied ist.<\/p>\n\n\n\n<p>Wir sind stolz auf unser Angebot <strong>gro\u00dfartiger Service zu den besten Preisen<\/strong> und pflegen gleichzeitig enge Arbeitsbeziehungen zu unseren Partnerunternehmen.<\/p>\n\n\n\n<p>Unsere Partner bieten eine einzigartige Auswahl an Aktivit\u00e4ten, von der Erkundung des reichen kulturellen Erbes der Stadt bis hin zum pulsierenden Nachtleben der Stadt. Sie k\u00f6nnen sich darauf verlassen, dass unser Team daf\u00fcr sorgt, dass alles reibungslos abl\u00e4uft und Sie viele unvergessliche Erlebnisse und Erinnerungen mitnehmen, die Sie ein Leben lang begleiten.<\/p>\n\n\n\n<figure class=\"wp-block-image size-full\"><img loading=\"lazy\" decoding=\"async\" width=\"1000\" height=\"667\" src=\"https:\/\/riga-stag-do.com\/wp-content\/uploads\/winter-safari.webp\" alt=\"Winter-Safari\" class=\"wp-image-799\" srcset=\"https:\/\/riga-stag-do.com\/wp-content\/uploads\/winter-safari.webp 1000w, https:\/\/riga-stag-do.com\/wp-content\/uploads\/winter-safari-300x200.webp 300w, https:\/\/riga-stag-do.com\/wp-content\/uploads\/winter-safari-768x512.webp 768w, https:\/\/riga-stag-do.com\/wp-content\/uploads\/winter-safari-18x12.webp 18w\" sizes=\"auto, (max-width: 1000px) 100vw, 1000px\" \/><figcaption class=\"wp-element-caption\">Sie werden mit vielen tollen Geschichten nach Hause kommen<\/figcaption><\/figure>\n\n\n\n<h2 class=\"wp-block-heading\">Lasst uns den besten Junggesellenabschied eures Lebens planen!<\/h2>\n\n\n\n<p>Wir von Stag Do Riga verstehen, dass jede Gruppe von Freunden einzigartig ist, und deshalb nehmen wir <strong>ein personalisierter Ansatz <\/strong>zur Planung Ihres Junggesellenabschieds. Unser engagiertes Team k\u00fcmmert sich um die gesamte Logistik und sorgt daf\u00fcr, dass alles reibungslos abl\u00e4uft - ohne zus\u00e4tzliche Kosten f\u00fcr Sie.<\/p>\n\n\n\n<p>Dank unseres 24\/7-Supports k\u00f6nnen Sie sicher sein, dass alle Fragen und Probleme, die w\u00e4hrend Ihres Aufenthalts in Riga auftreten, umgehend gel\u00f6st werden. Wir versorgen Sie mit<strong> alle Informationen, die Sie brauchen <\/strong>um das Beste aus Ihrer Zeit in dieser pulsierenden Stadt zu machen.<\/p>\n\n\n\n<p>Mit unserem umfassenden Fachwissen und unserer Ortskenntnis k\u00f6nnen Sie <strong>Zeit und Geld sparen<\/strong> indem Sie kostspielige Fehler und schlecht geplante Reiserouten vermeiden. Lassen Sie uns Ihnen bei der Planung der ultimativen Feier f\u00fcr die letzten Tage der Freiheit des Junggesellen helfen. Nehmen Sie jetzt Kontakt auf und beginnen Sie mit der Planung Ihres unvergesslichen Wochenendes in Riga.<\/p>\n\n\n\n<p>Wenn Sie an anderen Reisezielen f\u00fcr Junggesellenabschiede interessiert sind, sehen Sie sich die folgende Liste an:<\/p>\n\n\n\n<ul class=\"wp-block-list\">\n<li><a href=\"https:\/\/amsterdam-stag-do.com\/\">Amsterdam Junggesellenabschied<\/a><\/li>\n\n\n\n<li><a href=\"https:\/\/berlin-stag-do.com\/\">Berlin Junggesellenabschied<\/a><\/li>\n\n\n\n<li><a href=\"https:\/\/hamburgstagdo.com\/\">Hamburger Junggesellenabschied<\/a><\/li>\n\n\n\n<li><a href=\"https:\/\/hvarstagdo.com\/\">Hvar Junggesellenabschied<\/a><\/li>\n\n\n\n<li><a href=\"https:\/\/lisbonstagdo.com\/\">Lissabon Junggesellenabschied<\/a><\/li>\n\n\n\n<li><a href=\"https:\/\/munichstagdo.com\/\">M\u00fcnchener Junggesellenabschied<\/a><\/li>\n\n\n\n<li><a href=\"https:\/\/prague-stag-do.com\/\">Prag Junggesellenabschied<\/a><\/li>\n\n\n\n<li><a href=\"https:\/\/stagpartyljubljana.com\/\">Junggesellenabschied Ljubljana<\/a><\/li>\n\n\n\n<li><a href=\"https:\/\/ibizastagdo.com\">Ibiza Junggesellenabschied<\/a><\/li>\n\n\n\n<li><a href=\"https:\/\/benidorm-stag-do.com\/\">Benidorm Junggesellenabschied<\/a><\/li>\n\n\n\n<li><a href=\"https:\/\/budapest-stag-do.com\/\">Budapest Junggesellenabschied<\/a><\/li>\n\n\n\n<li><a href=\"https:\/\/stagdovegas.com\/\">Junggesellenabschied Vegas<\/a><\/li>\n\n\n\n<li><a href=\"https:\/\/stagdobarcelona.com\/\">Junggesellenabschied Barcelona<\/a><\/li>\n\n\n\n<li><a href=\"https:\/\/stagdozagreb.com\/\">Junggesellenabschied Zagreb<\/a><\/li>\n\n\n\n<li><a href=\"https:\/\/splitstagdo.com\/\">Split Junggesellenabschied<\/a><\/li>\n\n\n\n<li><a href=\"https:\/\/dubrovnikstagdo.com\/\">Dubrovnik Junggesellenabschied<\/a><\/li>\n\n\n\n<li><a href=\"https:\/\/madridstagdo.com\/\">Madrid Junggesellenabschied<\/a><\/li>\n\n\n\n<li><a href=\"https:\/\/bucharest-stag-do.com\/\">Bukarest Junggesellenabschied<\/a><\/li>\n\n\n\n<li><a href=\"https:\/\/albufeirastagdo.com\/\">Albufeira Junggesellenabschied<\/a><\/li>\n\n\n\n<li><a href=\"https:\/\/dublinstagdo.com\/\">Dublin Junggesellenabschied<\/a><\/li>\n\n\n\n<li><a href=\"https:\/\/stagdokrakow.com\/\">Krakau Junggesellenabschied<\/a><\/li>\n<\/ul>","protected":false},"excerpt":{"rendered":"<p>Unser Team hat es sich zur Aufgabe gemacht, Ihren Junggesellenabschied in Riga zu einem unvergesslichen Erlebnis zu machen. Wir verstehen, dass die Planung einer Reise \u00fcberw\u00e4ltigend sein kann, besonders wenn es sich um einen Junggesellenabschied handelt, aber keine Sorge, wir haben alles im Griff. Wir bieten Ihnen einen au\u00dfergew\u00f6hnlichen Service und sorgen daf\u00fcr, dass alles reibungslos abl\u00e4uft. Wir arbeiten mit Ihnen bei jedem Schritt ... <a href=\"https:\/\/riga-stag-do.com\/de\/uber-uns\/\">Fortsetzung<\/a><\/p>","protected":false},"author":1,"featured_media":1048,"parent":0,"menu_order":0,"comment_status":"open","ping_status":"open","template":"","meta":{"_acf_changed":false,"footnotes":""},"class_list":["post-39","page","type-page","status-publish","has-post-thumbnail","hentry"],"acf":{"page_subheading":"The Ultimate Stag Do Experience in Riga \u2014 A hassle-free way to plan your dream stag, combining Riga's rich cultural heritage and a vibrant modern vibe."},"_links":{"self":[{"href":"https:\/\/riga-stag-do.com\/de\/wp-json\/wp\/v2\/pages\/39","targetHints":{"allow":["GET"]}}],"collection":[{"href":"https:\/\/riga-stag-do.com\/de\/wp-json\/wp\/v2\/pages"}],"about":[{"href":"https:\/\/riga-stag-do.com\/de\/wp-json\/wp\/v2\/types\/page"}],"author":[{"embeddable":true,"href":"https:\/\/riga-stag-do.com\/de\/wp-json\/wp\/v2\/users\/1"}],"replies":[{"embeddable":true,"href":"https:\/\/riga-stag-do.com\/de\/wp-json\/wp\/v2\/comments?post=39"}],"version-history":[{"count":16,"href":"https:\/\/riga-stag-do.com\/de\/wp-json\/wp\/v2\/pages\/39\/revisions"}],"predecessor-version":[{"id":11422,"href":"https:\/\/riga-stag-do.com\/de\/wp-json\/wp\/v2\/pages\/39\/revisions\/11422"}],"wp:featuredmedia":[{"embeddable":true,"href":"https:\/\/riga-stag-do.com\/de\/wp-json\/wp\/v2\/media\/1048"}],"wp:attachment":[{"href":"https:\/\/riga-stag-do.com\/de\/wp-json\/wp\/v2\/media?parent=39"}],"curies":[{"name":"wp","href":"https:\/\/api.w.org\/{rel}","templated":true}]}}