{"id":525,"date":"2023-02-23T14:08:39","date_gmt":"2023-02-23T14:08:39","guid":{"rendered":"https:\/\/riga-stag-do.com\/?page_id=525"},"modified":"2023-02-28T11:51:43","modified_gmt":"2023-02-28T11:51:43","slug":"riga-als-ziel-fur-einen-junggesellenabschied","status":"publish","type":"page","link":"https:\/\/riga-stag-do.com\/de\/riga-als-ziel-fur-einen-junggesellenabschied\/","title":{"rendered":"Riga als Reiseziel f\u00fcr Junggesellenabschiede"},"content":{"rendered":"<p>Eingebettet <strong>im Herzen des Ostseeraums<\/strong>Riga verf\u00fcgt \u00fcber ein reiches kulturelles Erbe, eine atemberaubende Architektur und ein elektrisierendes Nachtleben, das f\u00fcr Gruppen aller Gr\u00f6\u00dfen und Interessen geeignet ist. Egal, ob Sie in die lokalen Traditionen eintauchen, die lokale K\u00fcche genie\u00dfen oder bis zum Morgengrauen feiern m\u00f6chten, Riga hat f\u00fcr jeden etwas zu bieten.<\/p>\n\n\n\n<p>Also, schnappt euch eure Freunde, packt eure Koffer und macht euch bereit f\u00fcr ein unvergessliches Junggesellenwochenende in der lettischen Hauptstadt.<\/p>\n\n\n\n<figure class=\"wp-block-image size-large\"><img loading=\"lazy\" decoding=\"async\" width=\"1024\" height=\"683\" src=\"https:\/\/riga-stag-do.com\/wp-content\/uploads\/riga-areal-1024x683.webp\" alt=\"Gebiet Riga\" class=\"wp-image-1062\" srcset=\"https:\/\/riga-stag-do.com\/wp-content\/uploads\/riga-areal-1024x683.webp 1024w, https:\/\/riga-stag-do.com\/wp-content\/uploads\/riga-areal-300x200.webp 300w, https:\/\/riga-stag-do.com\/wp-content\/uploads\/riga-areal-768x512.webp 768w, https:\/\/riga-stag-do.com\/wp-content\/uploads\/riga-areal-1536x1024.webp 1536w, https:\/\/riga-stag-do.com\/wp-content\/uploads\/riga-areal-2048x1365.webp 2048w, https:\/\/riga-stag-do.com\/wp-content\/uploads\/riga-areal-18x12.webp 18w, https:\/\/riga-stag-do.com\/wp-content\/uploads\/riga-areal-scaled.webp 1920w\" sizes=\"auto, (max-width: 1024px) 100vw, 1024px\" \/><figcaption class=\"wp-element-caption\">Farbenfroh bei Tag und nat\u00fcrlich auch bei Nacht<\/figcaption><\/figure>\n\n\n\n<h2 class=\"wp-block-heading\">\u00dcber Riga<\/h2>\n\n\n\n<p>Riga ist eine geschichtstr\u00e4chtige Stadt, die gleichzeitig vor moderner Energie strotzt. <strong>Gegr\u00fcndet im Jahr 1201<\/strong>Sie ist eine der \u00e4ltesten St\u00e4dte des Baltikums und verf\u00fcgt \u00fcber ein reiches kulturelles Erbe, das sich in ihrer beeindruckenden Architektur, ihren Museen und Traditionen widerspiegelt.<\/p>\n\n\n\n<p>In der Tat ist Riga <a href=\"https:\/\/www.wsj.com\/articles\/BL-SEB-78951\">wohl der Geburtsort des Weihnachtsbaums<\/a>Die Einheimischen behaupten, dass der erste geschm\u00fcckte Baum bereits 1510 in der Altstadt der Stadt aufgestellt wurde - obwohl die Esten nat\u00fcrlich eine andere Meinung dazu haben k\u00f6nnten.<\/p>\n\n\n\n<p>Riga befindet sich an den beiden Ufern des <strong>Fluss Daugava<\/strong>der durch das Herz der Stadt flie\u00dft und in die Ostsee m\u00fcndet. Diese strategische Lage hat Riga \u00fcber Jahrhunderte hinweg zu einem wichtigen Handelszentrum und in Kriegszeiten auch zu einer wichtigen Verteidigungsposition gemacht. Heute ist die Stadt ein pulsierendes Zentrum der Aktivit\u00e4t, mit einem <strong>Bev\u00f6lkerung von \u00fcber 600.000<\/strong> Menschen und eine florierende Wirtschaft.<\/p>\n\n\n\n<p>Eines der auff\u00e4lligsten Merkmale Rigas ist die einzigartige Mischung der architektonischen Stile. Die <strong>Die Altstadt der Stadt geh\u00f6rt zum UNESCO-Weltkulturerbe<\/strong> und bietet eine F\u00fclle von gotischen, barocken und Jugendstilgeb\u00e4uden, die bis ins Mittelalter zur\u00fcckreichen. Die Stra\u00dfen sind ges\u00e4umt von charmanten Caf\u00e9s, Restaurants und Gesch\u00e4ften, die der Gegend ein gem\u00fctliches und einladendes Flair verleihen.<\/p>\n\n\n\n<p>Au\u00dferhalb der Altstadt hat Riga ein moderneres Flair mit modernen Wolkenkratzern, Museen und Konzerts\u00e4len, die die Landschaft pr\u00e4gen.<\/p>\n\n\n\n<p>Die Stadt hat auch eine <strong>bl\u00fchende Gastronomie-Szene<\/strong>mit einer Vielzahl von lokalen und internationalen Gerichten sowie einer gro\u00dfen Auswahl an Craft-Bieren, Cocktails und Weinen.<\/p>\n\n\n\n<p>Aber der vielleicht verlockendste Aspekt von Riga f\u00fcr Junggesellengruppen ist die Tatsache, dass die Stadt <strong>aufregendes Nachtleben<\/strong>. Riga ist bekannt f\u00fcr seine Partyszene, die von entspannten Kneipen bis zu wilden Nachtclubs alles zu bieten hat. Egal, ob Sie Lust auf eine raffinierte Cocktailbar, einen ausgelassenen Tanzclub oder eine gem\u00fctliche Jazzkneipe haben, in Riga finden Sie etwas f\u00fcr Ihren Geschmack.<\/p>\n\n\n\n<figure class=\"wp-block-image size-large\"><img loading=\"lazy\" decoding=\"async\" width=\"1024\" height=\"682\" src=\"https:\/\/riga-stag-do.com\/wp-content\/uploads\/bar-tour-riga-1024x682.webp\" alt=\"Bar-Tour riga\" class=\"wp-image-844\" srcset=\"https:\/\/riga-stag-do.com\/wp-content\/uploads\/bar-tour-riga-1024x682.webp 1024w, https:\/\/riga-stag-do.com\/wp-content\/uploads\/bar-tour-riga-300x200.webp 300w, https:\/\/riga-stag-do.com\/wp-content\/uploads\/bar-tour-riga-768x512.webp 768w, https:\/\/riga-stag-do.com\/wp-content\/uploads\/bar-tour-riga-18x12.webp 18w, https:\/\/riga-stag-do.com\/wp-content\/uploads\/bar-tour-riga.webp 1400w\" sizes=\"auto, (max-width: 1024px) 100vw, 1024px\" \/><figcaption class=\"wp-element-caption\">Riga hat viele ausgezeichnete Lokale mit einem pulsierenden Nachtleben<\/figcaption><\/figure>\n\n\n\n<h2 class=\"wp-block-heading\">Nachtleben in Riga<\/h2>\n\n\n\n<p>Das Nachtleben in Riga ist un\u00fcbertroffen und ein gro\u00dfer Anziehungspunkt f\u00fcr Junggesellenabschiede. Die Stadt hat eine gro\u00dfe Auswahl an Bars, Clubs und Veranstaltungsorten, die f\u00fcr jeden Geschmack und jedes Budget etwas zu bieten haben.<\/p>\n\n\n\n<p>Wenn Sie auf der Suche nach einem anspruchsvollen Abend sind, gehen Sie ins <strong>Skyline Bar<\/strong>das sich im 26. Stock des Radisson Blu Latvija Conference &amp; Spa Hotel befindet. Stock des Radisson Blu Latvija Conference &amp; Spa Hotel befindet. Von hier aus genie\u00dfen Sie einen Panoramablick auf die Stadt, w\u00e4hrend Sie an fachm\u00e4nnisch zubereiteten Cocktails nippen.<\/p>\n\n\n\n<p>Wenn Sie eine wilde Nacht verbringen m\u00f6chten, besuchen Sie einen der vielen Nachtclubs in Riga. <strong>Studio 69<\/strong> ist eine beliebte Wahl mit mehreren Tanzfl\u00e4chen, einem VIP-Bereich und einer B\u00fchne f\u00fcr Live-Auftritte. <strong>Kojotenfliege<\/strong> ist ein weiterer Hot Spot mit einer Dachterrasse und einer Tanzfl\u00e4che im Freien.<\/p>\n\n\n\n<p>Wenn Sie eine entspanntere Atmosph\u00e4re bevorzugen, gibt es in Riga zahlreiche Kneipen und Bars. <strong>Folkklubs Ala Pagrabs<\/strong> ist mit seiner rustikalen Einrichtung, der Live-Musik und der gro\u00dfen Auswahl an Bieren und Apfelweinen ein Muss. Wenn Sie ein Fan von Craft-Bier sind, besuchen Sie das <strong>Alus Darbnica Labietis<\/strong>die eine wechselnde Auswahl an vor Ort gebrauten Bieren anbietet.<\/p>\n\n\n\n<h2 class=\"wp-block-heading\">Junggesellenabschied Aktivit\u00e4ten in Riga<\/h2>\n\n\n\n<p>W\u00e4hrend Rigas Nachtleben ein Hauptanziehungspunkt f\u00fcr Junggesellenabschiede ist, hat die Stadt auch viele andere <a href=\"https:\/\/riga-stag-do.com\/de\/aktivitaten\/\">Junggesellenabschiede<\/a> zu bieten. Hier sind ein paar Ideen f\u00fcr den Anfang:<\/p>\n\n\n\n<ul class=\"wp-block-list\">\n<li><strong>Outdoor-Abenteuer:<\/strong> Riga ist von einer wundersch\u00f6nen Landschaft umgeben, die es zu einem perfekten Reiseziel f\u00fcr Outdoor-Fans macht. Sie k\u00f6nnen mit Moorschuhen durch die S\u00fcmpfe wandern oder auf einer schlammigen <a href=\"https:\/\/riga-stag-do.com\/de\/aktivitaten\/pancars-off-road-abenteuer\/\">Retro-Auto Off-Road-Abenteuer<\/a>. Und wenn Sie in der Stadt bleiben wollen, <a href=\"https:\/\/riga-stag-do.com\/de\/aktivitaten\/kajakfahren\/\">Kajakfahren<\/a> auf dem majest\u00e4tischen Fluss Daugava ist ebenfalls eine gute Option.<\/li>\n\n\n\n<li><strong>Kulturelle Touren:<\/strong> Riga verf\u00fcgt \u00fcber ein reiches kulturelles Erbe, und es gibt viele Museen, Galerien und historische St\u00e4tten zu entdecken. Das lettische ethnografische Freilichtmuseum mit seinem nachgebauten traditionellen lettischen Dorf und verschiedenen Ausstellungen, die das kulturelle Erbe des Landes pr\u00e4sentieren, ist ein Muss. Aber wir wissen alle, welche Art von Kultur ihr Junggesellengruppen erkunden wollt - wir empfehlen einen Ausflug <a href=\"https:\/\/riga-stag-do.com\/de\/aktivitaten\/riga-bierviertel-tour\/\">Rigaer Bierviertel-Tour<\/a> (mit Verkostung)<\/li>\n\n\n\n<li><strong>Entspannung:<\/strong> Wenn Sie und Ihre Gruppe etwas Ruhe und Entspannung brauchen, hat Riga ebenfalls viele M\u00f6glichkeiten f\u00fcr Sie. In der Stadt gibt es mehrere Day Spas und Wellness-Zentren, in denen Sie sich mit einer Vielzahl von Behandlungen und Massagen verw\u00f6hnen lassen k\u00f6nnen. Sie k\u00f6nnen sogar einen Ausflug in die Natur machen <a href=\"https:\/\/riga-stag-do.com\/de\/aktivitaten\/sauna-whirlpool-erlebnis\/\">Erlebnis Sauna &amp; Whirlpool<\/a> am Ufer der Daugava<\/li>\n\n\n\n<li><strong>Andere spannende Erlebnisse:<\/strong> Wenn Sie auf der Suche nach einem einzigartigen Gruppenerlebnis sind, fahren Sie nach Sigulde zu den olympischen <a href=\"https:\/\/riga-stag-do.com\/de\/aktivitaten\/bobfahren\/\">Bobfahren<\/a> Bahn. Hier k\u00f6nnen Sie eine aufregende Fahrt mit einem Bob unternehmen, der bis zu 100 km\/h schnell sein kann.<\/li>\n<\/ul>\n\n\n\n<figure class=\"wp-block-image size-large\"><img decoding=\"async\" src=\"https:\/\/riga-stag-do.com\/wp-content\/uploads\/explore-riga-in-pancars-1024x839.webp\" alt=\"Riga in Pfannkuchen erforschen\" class=\"wp-image-921\"\/><figcaption class=\"wp-element-caption\">Riga bietet viele verschiedene Arten von Abenteuern, die alle sehr viel Spa\u00df machen!<\/figcaption><\/figure>\n\n\n\n<h2 class=\"wp-block-heading\">Beginnen Sie mit der Planung Ihres unvergesslichen Junggesellenabschieds in Riga<\/h2>\n\n\n\n<p>Riga ist eine unglaubliche Stadt, die f\u00fcr jeden etwas zu bieten hat, von Geschichtsinteressierten \u00fcber Abenteurer bis hin zu Partyg\u00e4ngern. Die atemberaubende Architektur, das reiche kulturelle Erbe und das pulsierende Nachtleben machen Riga zu einer Stadt, die Sie so schnell nicht vergessen werden.<\/p>\n\n\n\n<p>Lassen Sie uns Ihnen bei der Planung Ihrer ultimativen <a href=\"https:\/\/riga-stag-do.com\/de\/\">Rigaer Junggesellenabschied<\/a>und sehen Sie sich unser Angebot an. Es wird nicht lange dauern, bis Sie Ihre Koffer packen und sich auf ein unvergessliches Erlebnis in einem der aufregendsten Reiseziele Europas vorbereiten.<\/p>","protected":false},"excerpt":{"rendered":"<p>Im Herzen des Baltikums gelegen, bietet Riga ein reiches kulturelles Erbe, eine atemberaubende Architektur und ein elektrisierendes Nachtleben, das f\u00fcr Gruppen aller Gr\u00f6\u00dfen und Interessen geeignet ist. Egal, ob Sie in die lokalen Traditionen eintauchen, die lokale K\u00fcche genie\u00dfen oder bis zum Morgengrauen feiern m\u00f6chten, Riga hat f\u00fcr jeden etwas zu bieten. Also, schnapp dir ... <a href=\"https:\/\/riga-stag-do.com\/de\/riga-als-ziel-fur-einen-junggesellenabschied\/\">Fortsetzung<\/a><\/p>","protected":false},"author":35,"featured_media":1045,"parent":0,"menu_order":0,"comment_status":"closed","ping_status":"closed","template":"","meta":{"_acf_changed":false,"footnotes":""},"class_list":["post-525","page","type-page","status-publish","has-post-thumbnail","hentry"],"acf":{"page_subheading":"Are you planning a stag do in Riga? Great choice! The vibrant capital of Latvia is a prime destination for an epic stag do and here is all you need to know."},"_links":{"self":[{"href":"https:\/\/riga-stag-do.com\/de\/wp-json\/wp\/v2\/pages\/525","targetHints":{"allow":["GET"]}}],"collection":[{"href":"https:\/\/riga-stag-do.com\/de\/wp-json\/wp\/v2\/pages"}],"about":[{"href":"https:\/\/riga-stag-do.com\/de\/wp-json\/wp\/v2\/types\/page"}],"author":[{"embeddable":true,"href":"https:\/\/riga-stag-do.com\/de\/wp-json\/wp\/v2\/users\/35"}],"replies":[{"embeddable":true,"href":"https:\/\/riga-stag-do.com\/de\/wp-json\/wp\/v2\/comments?post=525"}],"version-history":[{"count":5,"href":"https:\/\/riga-stag-do.com\/de\/wp-json\/wp\/v2\/pages\/525\/revisions"}],"predecessor-version":[{"id":1086,"href":"https:\/\/riga-stag-do.com\/de\/wp-json\/wp\/v2\/pages\/525\/revisions\/1086"}],"wp:featuredmedia":[{"embeddable":true,"href":"https:\/\/riga-stag-do.com\/de\/wp-json\/wp\/v2\/media\/1045"}],"wp:attachment":[{"href":"https:\/\/riga-stag-do.com\/de\/wp-json\/wp\/v2\/media?parent=525"}],"curies":[{"name":"wp","href":"https:\/\/api.w.org\/{rel}","templated":true}]}}