{"id":533,"date":"2023-02-23T14:25:30","date_gmt":"2023-02-23T14:25:30","guid":{"rendered":"https:\/\/riga-stag-do.com\/?page_id=533"},"modified":"2023-03-06T15:07:52","modified_gmt":"2023-03-06T15:07:52","slug":"wie-man-nach-riga-kommt","status":"publish","type":"page","link":"https:\/\/riga-stag-do.com\/de\/wie-man-nach-riga-kommt\/","title":{"rendered":"Wie kommt man nach Riga?"},"content":{"rendered":"<p>Auf der Suche nach einem unvergesslichen Junggesellenabschied? Dann sind Sie in Riga genau richtig, einer der sch\u00f6nsten und aufregendsten St\u00e4dte im Baltikum! Mit einer Vielzahl von Transportm\u00f6glichkeiten ist es einfach und problemlos, in die Stadt zu kommen. Finden Sie die beste Option f\u00fcr Ihre Freunde und beginnen Sie Ihr Abenteuer!<\/p>\n\n\n\n<figure class=\"wp-block-image size-large\"><img loading=\"lazy\" decoding=\"async\" width=\"1024\" height=\"683\" src=\"https:\/\/riga-stag-do.com\/wp-content\/uploads\/riga-tram-1024x683.webp\" alt=\"Rigaer Stra\u00dfenbahn\" class=\"wp-image-1058\" srcset=\"https:\/\/riga-stag-do.com\/wp-content\/uploads\/riga-tram-1024x683.webp 1024w, https:\/\/riga-stag-do.com\/wp-content\/uploads\/riga-tram-300x200.webp 300w, https:\/\/riga-stag-do.com\/wp-content\/uploads\/riga-tram-768x512.webp 768w, https:\/\/riga-stag-do.com\/wp-content\/uploads\/riga-tram-1536x1024.webp 1536w, https:\/\/riga-stag-do.com\/wp-content\/uploads\/riga-tram-2048x1365.webp 2048w, https:\/\/riga-stag-do.com\/wp-content\/uploads\/riga-tram-18x12.webp 18w, https:\/\/riga-stag-do.com\/wp-content\/uploads\/riga-tram-scaled.webp 1920w\" sizes=\"auto, (max-width: 1024px) 100vw, 1024px\" \/><figcaption class=\"wp-element-caption\">In Riga gibt es auch einige Stra\u00dfenbahnen der alten Schule, die den \u00f6ffentlichen Nahverkehr aufpeppen<\/figcaption><\/figure>\n\n\n\n<h3 class=\"wp-block-heading\">Fliegen<\/h3>\n\n\n\n<p>Fliegen ist eine beliebte Option, und Sie k\u00f6nnen am Internationalen Flughafen Riga ankommen, der nur 10 km vom Stadtzentrum entfernt ist. Der Flughafen bietet regelm\u00e4\u00dfige Fl\u00fcge von und zu gro\u00dfen St\u00e4dten in Europa und dar\u00fcber hinaus, so dass Sie von \u00fcberall auf der Welt leicht nach Riga gelangen k\u00f6nnen.<\/p>\n\n\n\n<h3 class=\"wp-block-heading\">Zug<\/h3>\n\n\n\n<p>Wenn Sie eine landschaftlich reizvolle Reise bevorzugen, ist die Fahrt mit dem Zug eine gute M\u00f6glichkeit, Riga zu erreichen. Die Stadt ist gut mit anderen Gro\u00dfst\u00e4dten in Lettland und anderen europ\u00e4ischen L\u00e4ndern verbunden, und auf dem Weg dorthin haben Sie einen atemberaubenden Blick auf die lettische Landschaft.<\/p>\n\n\n\n<h3 class=\"wp-block-heading\">Boot<\/h3>\n\n\n\n<p>Wenn Sie auf der Suche nach einer einzigartigen und landschaftlich reizvollen M\u00f6glichkeit sind, Riga zu erreichen, ist eine Reise mit dem Schiff eine hervorragende Option. Riga liegt an der Ostseek\u00fcste und ist von vielen nahegelegenen H\u00e4fen, darunter Helsinki, Stockholm und Tallinn, leicht mit dem Schiff zu erreichen.&nbsp;<\/p>\n\n\n\n<h3 class=\"wp-block-heading\">Auto<\/h3>\n\n\n\n<p>Eine bequeme und landschaftlich reizvolle Art, Riga zu erreichen, ist das Auto. Das lettische Stra\u00dfennetz ist gut instand gehalten, so dass die Fahrt reibungslos verl\u00e4uft, und im Stadtzentrum gibt es zahlreiche \u00f6ffentliche Parkpl\u00e4tze. Mit dem Auto nach Riga zu fahren bietet auch die M\u00f6glichkeit, die lettische Landschaft zu erkunden, was die Reise in diese sch\u00f6ne Stadt zu einem einzigartigen und unvergesslichen Erlebnis macht.<\/p>\n\n\n\n<h3 class=\"wp-block-heading\">Bus<\/h3>\n\n\n\n<p>F\u00fcr diejenigen, die ein gem\u00e4chlicheres Tempo bevorzugen und mehr von der malerischen Landschaft Lettlands sehen m\u00f6chten, gibt es auch Busse als Transportm\u00f6glichkeit. Es ist vielleicht nicht die schnellste Option, aber sicher eine landschaftlich reizvolle.<\/p>\n\n\n\n<p>Ganz gleich, f\u00fcr welche Transportm\u00f6glichkeit Sie sich entscheiden, Riga ist ein gro\u00dfartiges Reiseziel und von \u00fcberall auf der Welt leicht zu erreichen.<\/p>","protected":false},"excerpt":{"rendered":"<p>Auf der Suche nach einem unvergesslichen Junggesellenabschied? Dann sind Sie in Riga genau richtig, einer der sch\u00f6nsten und aufregendsten St\u00e4dte im Baltikum! Mit einer Vielzahl von Transportm\u00f6glichkeiten ist es einfach und problemlos, die Stadt zu erreichen. Finde die beste Option f\u00fcr deine Freunde und starte dein Abenteuer! Fliegen Fliegen ist eine beliebte ... <a href=\"https:\/\/riga-stag-do.com\/de\/wie-man-nach-riga-kommt\/\">Fortsetzung<\/a><\/p>","protected":false},"author":35,"featured_media":1043,"parent":0,"menu_order":0,"comment_status":"closed","ping_status":"closed","template":"","meta":{"_acf_changed":false,"footnotes":""},"class_list":["post-533","page","type-page","status-publish","has-post-thumbnail","hentry"],"acf":{"page_subheading":"Find the best way to get to Riga and start your adventure exploring the stunning landscapes, rich culture, and fascinating history of this vibrant capital city. "},"_links":{"self":[{"href":"https:\/\/riga-stag-do.com\/de\/wp-json\/wp\/v2\/pages\/533","targetHints":{"allow":["GET"]}}],"collection":[{"href":"https:\/\/riga-stag-do.com\/de\/wp-json\/wp\/v2\/pages"}],"about":[{"href":"https:\/\/riga-stag-do.com\/de\/wp-json\/wp\/v2\/types\/page"}],"author":[{"embeddable":true,"href":"https:\/\/riga-stag-do.com\/de\/wp-json\/wp\/v2\/users\/35"}],"replies":[{"embeddable":true,"href":"https:\/\/riga-stag-do.com\/de\/wp-json\/wp\/v2\/comments?post=533"}],"version-history":[{"count":6,"href":"https:\/\/riga-stag-do.com\/de\/wp-json\/wp\/v2\/pages\/533\/revisions"}],"predecessor-version":[{"id":1175,"href":"https:\/\/riga-stag-do.com\/de\/wp-json\/wp\/v2\/pages\/533\/revisions\/1175"}],"wp:featuredmedia":[{"embeddable":true,"href":"https:\/\/riga-stag-do.com\/de\/wp-json\/wp\/v2\/media\/1043"}],"wp:attachment":[{"href":"https:\/\/riga-stag-do.com\/de\/wp-json\/wp\/v2\/media?parent=533"}],"curies":[{"name":"wp","href":"https:\/\/api.w.org\/{rel}","templated":true}]}}