{"id":39,"date":"2023-01-16T13:14:25","date_gmt":"2023-01-16T13:14:25","guid":{"rendered":"https:\/\/riga-stag-do.com\/about-us\/"},"modified":"2026-02-24T09:03:49","modified_gmt":"2026-02-24T09:03:49","slug":"chi-siamo","status":"publish","type":"page","link":"https:\/\/riga-stag-do.com\/it\/chi-siamo\/","title":{"rendered":"Chi siamo"},"content":{"rendered":"<p>Il nostro team si impegna a rendere il vostro weekend di addio al celibato a Riga un'esperienza indimenticabile. Siamo consapevoli che pianificare un viaggio pu\u00f2 essere travolgente, soprattutto quando si tratta di un addio al celibato, ma non preoccupatevi, <strong>vi copriamo noi.<\/strong><\/p>\n\n\n\n<p>Ci impegniamo a fornire un servizio eccezionale e a garantire che tutto fili liscio. Lavoreremo con voi in ogni fase del percorso per creare <strong>un itinerario su misura<\/strong> che si adatta agli interessi e alle preferenze uniche del vostro gruppo.<\/p>\n\n\n\n<p>Con la nostra conoscenza e competenza locale, vi forniremo <strong>aiutarvi a evitare gli errori pi\u00f9 comuni <\/strong>e sfruttare al meglio il vostro soggiorno a Riga. Che si tratti di trovare la migliore sistemazione vicino all'azione o di assicurarsi che le vostre attivit\u00e0 siano divertenti e sicure, ci occuperemo di tutti i dettagli.<\/p>\n\n\n\n<p>Il nostro obiettivo \u00e8 quello di garantire a voi e ai vostri amici<strong> un fine settimana epico<\/strong> pieno di bei ricordi. Quindi sedetevi, rilassatevi e lasciate che ci occupiamo noi della pianificazione, in modo che possiate concentrarvi sul piacere dell'esperienza.<\/p>\n\n\n\n<figure class=\"wp-block-image size-large\"><img loading=\"lazy\" decoding=\"async\" width=\"1024\" height=\"669\" src=\"https:\/\/riga-stag-do.com\/wp-content\/uploads\/riga-evening-1024x669.webp\" alt=\"Riga sera\" class=\"wp-image-1045\" srcset=\"https:\/\/riga-stag-do.com\/wp-content\/uploads\/riga-evening-1024x669.webp 1024w, https:\/\/riga-stag-do.com\/wp-content\/uploads\/riga-evening-300x196.webp 300w, https:\/\/riga-stag-do.com\/wp-content\/uploads\/riga-evening-768x502.webp 768w, https:\/\/riga-stag-do.com\/wp-content\/uploads\/riga-evening-1536x1004.webp 1536w, https:\/\/riga-stag-do.com\/wp-content\/uploads\/riga-evening-2048x1339.webp 2048w, https:\/\/riga-stag-do.com\/wp-content\/uploads\/riga-evening-18x12.webp 18w, https:\/\/riga-stag-do.com\/wp-content\/uploads\/riga-evening-scaled.webp 1920w\" sizes=\"auto, (max-width: 1024px) 100vw, 1024px\" \/><figcaption class=\"wp-element-caption\">Riga \u00e8 un luogo ideale per festeggiare il vostro addio al celibato<\/figcaption><\/figure>\n\n\n\n<h2 class=\"wp-block-heading\">Impegnativo e affidabile<\/h2>\n\n\n\n<p>Dal 2015 siamo specializzati nell'organizzazione di addii al celibato indimenticabili, fornendo <strong>un ambiente sicuro e finanziariamente protetto<\/strong> esperienza di viaggio per i nostri clienti.<\/p>\n\n\n\n<p>Noi di Stag Do Riga sappiamo che Riga \u00e8 una citt\u00e0 ricca di storia e piena di energia moderna. Fondata nel 1201, \u00e8<strong> una delle citt\u00e0 pi\u00f9 antiche del Baltico<\/strong>Il suo ricco patrimonio culturale si riflette nella sua splendida architettura, nei suoi musei e nelle sue tradizioni.<\/p>\n\n\n\n<p>Il nostro<strong> opzioni di prenotazione flessibili<\/strong> vi permette di organizzare un fantastico viaggio di addio al celibato in modo rapido ed efficiente, cos\u00ec potrete sedervi, rilassarvi e risparmiare le energie per il viaggio della vostra vita.<\/p>\n\n\n\n<p>Riga \u00e8 conosciuta come<strong> il luogo di nascita dell'albero di Natale<\/strong>Gli abitanti del luogo sostengono che il primo albero decorato in assoluto sia stato allestito nel centro storico della citt\u00e0 nel 1510. Questa storia affascinante \u00e8 solo uno dei tanti motivi per cui Riga \u00e8 una destinazione unica e affascinante per un addio al celibato.<\/p>\n\n\n\n<p>Siamo orgogliosi di fornire <strong>ottimo servizio ai migliori prezzi<\/strong> mantenendo solide relazioni di lavoro con le nostre aziende partner.<\/p>\n\n\n\n<p>I nostri partner offrono una gamma unica di attivit\u00e0, dall'esplorazione del ricco patrimonio culturale della citt\u00e0 all'esperienza della sua vivace vita notturna. Potete fidarvi del nostro team per assicurarvi che tutto si svolga senza intoppi, lasciandovi esperienze indimenticabili e ricordi che dureranno per tutta la vita.<\/p>\n\n\n\n<figure class=\"wp-block-image size-full\"><img loading=\"lazy\" decoding=\"async\" width=\"1000\" height=\"667\" src=\"https:\/\/riga-stag-do.com\/wp-content\/uploads\/winter-safari.webp\" alt=\"Safari invernale\" class=\"wp-image-799\" srcset=\"https:\/\/riga-stag-do.com\/wp-content\/uploads\/winter-safari.webp 1000w, https:\/\/riga-stag-do.com\/wp-content\/uploads\/winter-safari-300x200.webp 300w, https:\/\/riga-stag-do.com\/wp-content\/uploads\/winter-safari-768x512.webp 768w, https:\/\/riga-stag-do.com\/wp-content\/uploads\/winter-safari-18x12.webp 18w\" sizes=\"auto, (max-width: 1000px) 100vw, 1000px\" \/><figcaption class=\"wp-element-caption\">Tornerete a casa pieni di belle storie<\/figcaption><\/figure>\n\n\n\n<h2 class=\"wp-block-heading\">Organizziamo il miglior addio al celibato della vostra vita!<\/h2>\n\n\n\n<p>Noi di Stag Do Riga siamo consapevoli che ogni gruppo di amici \u00e8 unico, ed \u00e8 per questo che prendiamo <strong>un approccio personalizzato <\/strong>all'organizzazione del vostro weekend di addio al celibato. Il nostro team dedicato si occuper\u00e0 di tutta la logistica e far\u00e0 in modo che tutto fili liscio, senza alcun costo aggiuntivo per voi.<\/p>\n\n\n\n<p>Grazie alla nostra assistenza 24 ore su 24, 7 giorni su 7, potete essere certi che qualsiasi domanda o problema che sorga durante il vostro soggiorno a Riga sar\u00e0 prontamente affrontato. Vi forniremo<strong> tutte le informazioni necessarie <\/strong>per sfruttare al meglio il tempo trascorso in questa vivace citt\u00e0.<\/p>\n\n\n\n<p>Grazie alla nostra vasta esperienza e alle nostre conoscenze locali, potete <strong>risparmiare tempo e denaro<\/strong> evitando errori costosi e itinerari mal pianificati. Quindi, lasciate che vi aiutiamo a pianificare la celebrazione definitiva degli ultimi giorni di libert\u00e0 dell'addio al celibato. Contattateci subito per iniziare a pianificare il vostro indimenticabile weekend a Riga.<\/p>\n\n\n\n<p>Se siete interessati ad altre destinazioni per l'addio al celibato, consultate l'elenco qui sotto:<\/p>\n\n\n\n<ul class=\"wp-block-list\">\n<li><a href=\"https:\/\/amsterdam-stag-do.com\/\">Addio al celibato ad Amsterdam<\/a><\/li>\n\n\n\n<li><a href=\"https:\/\/berlin-stag-do.com\/\">Addio al celibato a Berlino<\/a><\/li>\n\n\n\n<li><a href=\"https:\/\/hamburgstagdo.com\/\">Addio al celibato ad Amburgo<\/a><\/li>\n\n\n\n<li><a href=\"https:\/\/hvarstagdo.com\/\">Addio al celibato a Hvar<\/a><\/li>\n\n\n\n<li><a href=\"https:\/\/lisbonstagdo.com\/\">Addio al celibato a Lisbona<\/a><\/li>\n\n\n\n<li><a href=\"https:\/\/munichstagdo.com\/\">Addio al celibato a Monaco<\/a><\/li>\n\n\n\n<li><a href=\"https:\/\/prague-stag-do.com\/\">Addio al celibato a Praga<\/a><\/li>\n\n\n\n<li><a href=\"https:\/\/stagpartyljubljana.com\/\">Addio al celibato a Lubiana<\/a><\/li>\n\n\n\n<li><a href=\"https:\/\/ibizastagdo.com\">Addio al celibato a Ibiza<\/a><\/li>\n\n\n\n<li><a href=\"https:\/\/benidorm-stag-do.com\/\">Addio al celibato a Benidorm<\/a><\/li>\n\n\n\n<li><a href=\"https:\/\/budapest-stag-do.com\/\">Addio al celibato a Budapest<\/a><\/li>\n\n\n\n<li><a href=\"https:\/\/stagdovegas.com\/\">Addio al celibato a Las Vegas<\/a><\/li>\n\n\n\n<li><a href=\"https:\/\/stagdobarcelona.com\/\">Addio al celibato a Barcellona<\/a><\/li>\n\n\n\n<li><a href=\"https:\/\/stagdozagreb.com\/\">Addio al celibato a Zagabria<\/a><\/li>\n\n\n\n<li><a href=\"https:\/\/splitstagdo.com\/\">Addio al celibato a Spalato<\/a><\/li>\n\n\n\n<li><a href=\"https:\/\/dubrovnikstagdo.com\/\">Addio al celibato a Dubrovnik<\/a><\/li>\n\n\n\n<li><a href=\"https:\/\/madridstagdo.com\/\">Addio al celibato a Madrid<\/a><\/li>\n\n\n\n<li><a href=\"https:\/\/bucharest-stag-do.com\/\">Addio al celibato a Bucarest<\/a><\/li>\n\n\n\n<li><a href=\"https:\/\/albufeirastagdo.com\/\">Addio al celibato ad Albufeira<\/a><\/li>\n\n\n\n<li><a href=\"https:\/\/dublinstagdo.com\/\">Addio al celibato a Dublino<\/a><\/li>\n\n\n\n<li><a href=\"https:\/\/stagdokrakow.com\/\">Addio al celibato a Cracovia<\/a><\/li>\n<\/ul>","protected":false},"excerpt":{"rendered":"<p>Il nostro team si dedica a rendere il vostro weekend di addio al celibato a Riga un'esperienza indimenticabile. Sappiamo che pianificare un viaggio pu\u00f2 essere un'impresa ardua, soprattutto se si tratta di un addio al celibato, ma non preoccupatevi, ci pensiamo noi. Ci impegniamo a fornire un servizio eccezionale e a garantire che tutto fili liscio. Lavoreremo con voi in ogni fase della ... <a href=\"https:\/\/riga-stag-do.com\/it\/chi-siamo\/\">Continua<\/a><\/p>","protected":false},"author":1,"featured_media":1048,"parent":0,"menu_order":0,"comment_status":"open","ping_status":"open","template":"","meta":{"_acf_changed":false,"footnotes":""},"class_list":["post-39","page","type-page","status-publish","has-post-thumbnail","hentry"],"acf":{"page_subheading":"The Ultimate Stag Do Experience in Riga \u2014 A hassle-free way to plan your dream stag, combining Riga's rich cultural heritage and a vibrant modern vibe."},"_links":{"self":[{"href":"https:\/\/riga-stag-do.com\/it\/wp-json\/wp\/v2\/pages\/39","targetHints":{"allow":["GET"]}}],"collection":[{"href":"https:\/\/riga-stag-do.com\/it\/wp-json\/wp\/v2\/pages"}],"about":[{"href":"https:\/\/riga-stag-do.com\/it\/wp-json\/wp\/v2\/types\/page"}],"author":[{"embeddable":true,"href":"https:\/\/riga-stag-do.com\/it\/wp-json\/wp\/v2\/users\/1"}],"replies":[{"embeddable":true,"href":"https:\/\/riga-stag-do.com\/it\/wp-json\/wp\/v2\/comments?post=39"}],"version-history":[{"count":16,"href":"https:\/\/riga-stag-do.com\/it\/wp-json\/wp\/v2\/pages\/39\/revisions"}],"predecessor-version":[{"id":11422,"href":"https:\/\/riga-stag-do.com\/it\/wp-json\/wp\/v2\/pages\/39\/revisions\/11422"}],"wp:featuredmedia":[{"embeddable":true,"href":"https:\/\/riga-stag-do.com\/it\/wp-json\/wp\/v2\/media\/1048"}],"wp:attachment":[{"href":"https:\/\/riga-stag-do.com\/it\/wp-json\/wp\/v2\/media?parent=39"}],"curies":[{"name":"wp","href":"https:\/\/api.w.org\/{rel}","templated":true}]}}