{"id":525,"date":"2023-02-23T14:08:39","date_gmt":"2023-02-23T14:08:39","guid":{"rendered":"https:\/\/riga-stag-do.com\/?page_id=525"},"modified":"2023-02-28T11:51:43","modified_gmt":"2023-02-28T11:51:43","slug":"riga-come-destinazione-per-laddio-al-celibato","status":"publish","type":"page","link":"https:\/\/riga-stag-do.com\/it\/riga-come-destinazione-per-laddio-al-celibato\/","title":{"rendered":"Riga come meta di addio al celibato"},"content":{"rendered":"<p>Annidato <strong>nel cuore della regione baltica<\/strong>Riga vanta un ricco patrimonio culturale, un'architettura straordinaria e una vita notturna elettrizzante che soddisfa gruppi di ogni dimensione e interesse. Che vogliate immergervi nelle tradizioni locali, assaporare la cucina locale o festeggiare fino all'alba, Riga ha qualcosa per tutti.<\/p>\n\n\n\n<p>Quindi, prendete i vostri amici, fate le valigie e preparatevi a vivere un indimenticabile weekend di addio al celibato nella capitale lettone.<\/p>\n\n\n\n<figure class=\"wp-block-image size-large\"><img loading=\"lazy\" decoding=\"async\" width=\"1024\" height=\"683\" src=\"https:\/\/riga-stag-do.com\/wp-content\/uploads\/riga-areal-1024x683.webp\" alt=\"Area di Riga\" class=\"wp-image-1062\" srcset=\"https:\/\/riga-stag-do.com\/wp-content\/uploads\/riga-areal-1024x683.webp 1024w, https:\/\/riga-stag-do.com\/wp-content\/uploads\/riga-areal-300x200.webp 300w, https:\/\/riga-stag-do.com\/wp-content\/uploads\/riga-areal-768x512.webp 768w, https:\/\/riga-stag-do.com\/wp-content\/uploads\/riga-areal-1536x1024.webp 1536w, https:\/\/riga-stag-do.com\/wp-content\/uploads\/riga-areal-2048x1365.webp 2048w, https:\/\/riga-stag-do.com\/wp-content\/uploads\/riga-areal-18x12.webp 18w, https:\/\/riga-stag-do.com\/wp-content\/uploads\/riga-areal-scaled.webp 1920w\" sizes=\"auto, (max-width: 1024px) 100vw, 1024px\" \/><figcaption class=\"wp-element-caption\">Colorato di giorno, e naturalmente anche di notte<\/figcaption><\/figure>\n\n\n\n<h2 class=\"wp-block-heading\">Informazioni su Riga<\/h2>\n\n\n\n<p>Riga \u00e8 una citt\u00e0 ricca di storia e allo stesso tempo piena di energia moderna. <strong>Fondata nel 1201<\/strong>\u00c8 una delle citt\u00e0 pi\u00f9 antiche del Baltico e vanta un ricco patrimonio culturale che si riflette nella sua splendida architettura, nei musei e nelle tradizioni.<\/p>\n\n\n\n<p>In effetti, Riga \u00e8 <a href=\"https:\/\/www.wsj.com\/articles\/BL-SEB-78951\">probabilmente il luogo di nascita dell'albero di Natale<\/a>Gli abitanti del luogo sostengono che il primo albero decorato in assoluto sia stato allestito nel centro storico della citt\u00e0 nel lontano 1510, anche se, ovviamente, gli estoni possono avere un'opinione diversa al riguardo.<\/p>\n\n\n\n<p>Riga \u00e8 situata sulle due sponde del fiume <strong>Fiume Daugava<\/strong>che attraversa il cuore della citt\u00e0 e sfocia nel Mar Baltico. Questa posizione strategica ha reso Riga un importante centro di scambi e commercio per secoli, oltre che una posizione difensiva chiave in tempo di guerra. Oggi, la citt\u00e0 \u00e8 un vivace centro di attivit\u00e0, con una <strong>popolazione di oltre 600.000 abitanti<\/strong> persone e un'economia fiorente.<\/p>\n\n\n\n<p>Una delle caratteristiche pi\u00f9 sorprendenti di Riga \u00e8 la sua miscela unica di stili architettonici. Il <strong>Il centro storico della citt\u00e0 \u00e8 patrimonio dell'umanit\u00e0 dell'UNESCO.<\/strong> e vanta una pletora di edifici gotici, barocchi e in stile Art Nouveau che risalgono al Medioevo. Le strade sono fiancheggiate da incantevoli caff\u00e8, ristoranti e negozi, che conferiscono alla zona un'atmosfera accogliente e invitante.<\/p>\n\n\n\n<p>Al di l\u00e0 del centro storico, Riga ha un'atmosfera pi\u00f9 contemporanea, con moderni grattacieli, musei e sale da concerto che punteggiano il paesaggio.<\/p>\n\n\n\n<p>La citt\u00e0 ha anche un <strong>una fiorente scena di cibo e bevande<\/strong>con una variet\u00e0 di cucine locali e internazionali, oltre a un'ampia selezione di birre artigianali, cocktail e vini.<\/p>\n\n\n\n<p>Ma forse l'aspetto pi\u00f9 allettante di Riga per i gruppi di addio al celibato \u00e8 la citt\u00e0 di <strong>vita notturna in fermento<\/strong>. Riga \u00e8 rinomata per la sua scena festaiola, con un'offerta che spazia dai pub pi\u00f9 tranquilli alle discoteche pi\u00f9 scatenate. Che siate in vena di un cocktail bar sofisticato, di una discoteca scatenata o di un accogliente locale jazz, Riga ha qualcosa che soddisfa i vostri gusti.<\/p>\n\n\n\n<figure class=\"wp-block-image size-large\"><img loading=\"lazy\" decoding=\"async\" width=\"1024\" height=\"682\" src=\"https:\/\/riga-stag-do.com\/wp-content\/uploads\/bar-tour-riga-1024x682.webp\" alt=\"Tour del bar riga\" class=\"wp-image-844\" srcset=\"https:\/\/riga-stag-do.com\/wp-content\/uploads\/bar-tour-riga-1024x682.webp 1024w, https:\/\/riga-stag-do.com\/wp-content\/uploads\/bar-tour-riga-300x200.webp 300w, https:\/\/riga-stag-do.com\/wp-content\/uploads\/bar-tour-riga-768x512.webp 768w, https:\/\/riga-stag-do.com\/wp-content\/uploads\/bar-tour-riga-18x12.webp 18w, https:\/\/riga-stag-do.com\/wp-content\/uploads\/bar-tour-riga.webp 1400w\" sizes=\"auto, (max-width: 1024px) 100vw, 1024px\" \/><figcaption class=\"wp-element-caption\">Riga ha molti locali eccellenti con una vivace vita notturna.<\/figcaption><\/figure>\n\n\n\n<h2 class=\"wp-block-heading\">Vita notturna a Riga<\/h2>\n\n\n\n<p>La vita notturna di Riga non \u00e8 seconda a nessuno ed \u00e8 una delle principali attrazioni per gli addii al celibato. La citt\u00e0 offre una vasta gamma di bar, club e locali, con qualcosa per tutti i gusti e le tasche.<\/p>\n\n\n\n<p>Se siete alla ricerca di una serata sofisticata, recatevi a <strong>Bar Skyline<\/strong>che si trova al 26\u00b0 piano del Radisson Blu Latvija Conference &amp; Spa Hotel. Da qui potrete godere di una vista panoramica della citt\u00e0 sorseggiando cocktail di ottima fattura.<\/p>\n\n\n\n<p>Per una serata pi\u00f9 movimentata, visitate uno dei numerosi locali notturni di Riga. <strong>Studio 69<\/strong> \u00e8 una scelta popolare, con diverse piste da ballo, un'area VIP e un palco per le esibizioni dal vivo. <strong>Mosca di coyote<\/strong> \u00e8 un altro locale molto frequentato, con una terrazza sul tetto e una pista da ballo all'aperto.<\/p>\n\n\n\n<p>Se preferite un'atmosfera pi\u00f9 rilassata, Riga \u00e8 ricca di pub e bar. <strong>Folkklubs Ala Pagrabs<\/strong> \u00e8 una tappa obbligata, con il suo arredamento rustico, la musica dal vivo e l'ampia selezione di birre e sidri. Se siete appassionati di birra artigianale, visitate il <strong>Alus Darbnica Labietis<\/strong>che offre una selezione a rotazione di birre prodotte in loco.<\/p>\n\n\n\n<h2 class=\"wp-block-heading\">Attivit\u00e0 di addio al celibato a Riga<\/h2>\n\n\n\n<p>Se la vita notturna di Riga \u00e8 una delle principali attrattive per gli addii al celibato, la citt\u00e0 offre anche molte altre possibilit\u00e0 di <a href=\"https:\/\/riga-stag-do.com\/it\/attivita\/\">attivit\u00e0 di addio al celibato<\/a> da offrire. Ecco alcune idee per iniziare:<\/p>\n\n\n\n<ul class=\"wp-block-list\">\n<li><strong>Avventure all'aperto:<\/strong> Riga \u00e8 circondata da una splendida campagna, che la rende una destinazione perfetta per gli amanti della vita all'aria aperta. Si possono fare escursioni in palude con le racchette da pino o su un sentiero fangoso. <a href=\"https:\/\/riga-stag-do.com\/it\/attivita\/avventura-off-road-di-pancars\/\">auto retr\u00f2 avventura off-road<\/a>. E se volete rimanere in citt\u00e0, <a href=\"https:\/\/riga-stag-do.com\/it\/attivita\/kayak\/\">kayak<\/a> sul maestoso fiume Daugava \u00e8 un'altra grande opzione.<\/li>\n\n\n\n<li><strong>Visite culturali:<\/strong> Riga ha un ricco patrimonio culturale e ci sono molti musei, gallerie e siti storici da esplorare. Il Museo Etnografico Lettone all'aperto \u00e8 una tappa obbligata, con il suo villaggio tradizionale lettone ricreato e le varie mostre che illustrano il patrimonio culturale del paese. Ma sappiamo tutti che tipo di cultura i vostri gruppi di addio al celibato vogliono esplorare: vi consigliamo di andare in giro per il mondo. <a href=\"https:\/\/riga-stag-do.com\/it\/attivita\/tour-del-distretto-della-birra-di-riga\/\">Tour del distretto della birra di Riga<\/a> (con degustazione inclusa)<\/li>\n\n\n\n<li><strong>Rilassamento:<\/strong> Se voi e il vostro gruppo avete bisogno di un po' di riposo e relax, Riga offre molte opzioni anche per voi. La citt\u00e0 dispone di numerosi centri termali e centri benessere, dove potrete concedervi una variet\u00e0 di trattamenti e massaggi. Potete anche provare un'attivit\u00e0 all'aria aperta <a href=\"https:\/\/riga-stag-do.com\/it\/attivita\/esperienza-di-sauna-e-vasca-idromassaggio\/\">Esperienza di sauna e vasca idromassaggio<\/a> sulla riva della Daugava<\/li>\n\n\n\n<li><strong>Altre esperienze emozionanti:<\/strong> Se siete alla ricerca di un'esperienza di gruppo unica, recatevi a Sigulde per visitare le loro olimpiadi. <a href=\"https:\/\/riga-stag-do.com\/it\/attivita\/giro-in-bob\/\">bob<\/a> pista. Qui \u00e8 possibile fare un'emozionante discesa in bob, con velocit\u00e0 che raggiungono i 100 km\/h.<\/li>\n<\/ul>\n\n\n\n<figure class=\"wp-block-image size-large\"><img decoding=\"async\" src=\"https:\/\/riga-stag-do.com\/wp-content\/uploads\/explore-riga-in-pancars-1024x839.webp\" alt=\"Esplora riga in pancars\" class=\"wp-image-921\"\/><figcaption class=\"wp-element-caption\">Riga offre diversi tipi di avventure, tutte estremamente divertenti!<\/figcaption><\/figure>\n\n\n\n<h2 class=\"wp-block-heading\">Iniziate a pianificare il vostro indimenticabile addio al celibato a Riga<\/h2>\n\n\n\n<p>Riga \u00e8 una citt\u00e0 incredibile che ha qualcosa per tutti, dagli appassionati di storia agli amanti dell'avventura e delle feste. Con la sua splendida architettura, il ricco patrimonio culturale e la vivace vita notturna, \u00e8 una citt\u00e0 che non dimenticherete presto.<\/p>\n\n\n\n<p>Lasciate che vi aiutiamo a pianificare il vostro ultimo <a href=\"https:\/\/riga-stag-do.com\/it\/\">Addio al celibato a Riga<\/a>e date un'occhiata alla nostra offerta. Non ci vorr\u00e0 molto prima che iniziate a fare le valigie e a prepararvi per un'esperienza indimenticabile in una delle destinazioni pi\u00f9 emozionanti d'Europa.<\/p>","protected":false},"excerpt":{"rendered":"<p>Situata nel cuore della regione baltica, Riga vanta un ricco patrimonio culturale, un'architettura straordinaria e una vita notturna elettrizzante che si rivolge a gruppi di ogni dimensione e interesse. Che vogliate immergervi nelle tradizioni locali, assaporare la cucina locale o festeggiare fino all'alba, Riga ha qualcosa per tutti. Quindi, prendete ... <a href=\"https:\/\/riga-stag-do.com\/it\/riga-come-destinazione-per-laddio-al-celibato\/\">Continua<\/a><\/p>","protected":false},"author":35,"featured_media":1045,"parent":0,"menu_order":0,"comment_status":"closed","ping_status":"closed","template":"","meta":{"_acf_changed":false,"footnotes":""},"class_list":["post-525","page","type-page","status-publish","has-post-thumbnail","hentry"],"acf":{"page_subheading":"Are you planning a stag do in Riga? Great choice! The vibrant capital of Latvia is a prime destination for an epic stag do and here is all you need to know."},"_links":{"self":[{"href":"https:\/\/riga-stag-do.com\/it\/wp-json\/wp\/v2\/pages\/525","targetHints":{"allow":["GET"]}}],"collection":[{"href":"https:\/\/riga-stag-do.com\/it\/wp-json\/wp\/v2\/pages"}],"about":[{"href":"https:\/\/riga-stag-do.com\/it\/wp-json\/wp\/v2\/types\/page"}],"author":[{"embeddable":true,"href":"https:\/\/riga-stag-do.com\/it\/wp-json\/wp\/v2\/users\/35"}],"replies":[{"embeddable":true,"href":"https:\/\/riga-stag-do.com\/it\/wp-json\/wp\/v2\/comments?post=525"}],"version-history":[{"count":5,"href":"https:\/\/riga-stag-do.com\/it\/wp-json\/wp\/v2\/pages\/525\/revisions"}],"predecessor-version":[{"id":1086,"href":"https:\/\/riga-stag-do.com\/it\/wp-json\/wp\/v2\/pages\/525\/revisions\/1086"}],"wp:featuredmedia":[{"embeddable":true,"href":"https:\/\/riga-stag-do.com\/it\/wp-json\/wp\/v2\/media\/1045"}],"wp:attachment":[{"href":"https:\/\/riga-stag-do.com\/it\/wp-json\/wp\/v2\/media?parent=525"}],"curies":[{"name":"wp","href":"https:\/\/api.w.org\/{rel}","templated":true}]}}