{"id":533,"date":"2023-02-23T14:25:30","date_gmt":"2023-02-23T14:25:30","guid":{"rendered":"https:\/\/riga-stag-do.com\/?page_id=533"},"modified":"2023-03-06T15:07:52","modified_gmt":"2023-03-06T15:07:52","slug":"come-arrivare-a-riga","status":"publish","type":"page","link":"https:\/\/riga-stag-do.com\/it\/come-arrivare-a-riga\/","title":{"rendered":"Come arrivare a Riga?"},"content":{"rendered":"<p>Siete alla ricerca di un addio al celibato indimenticabile? Non cercate altro che Riga, una delle citt\u00e0 pi\u00f9 belle ed emozionanti della regione baltica! Grazie alle numerose opzioni di trasporto disponibili, raggiungere la citt\u00e0 \u00e8 facile e senza problemi. Trovate l'opzione migliore per i vostri amici e iniziate la vostra avventura!<\/p>\n\n\n\n<figure class=\"wp-block-image size-large\"><img loading=\"lazy\" decoding=\"async\" width=\"1024\" height=\"683\" src=\"https:\/\/riga-stag-do.com\/wp-content\/uploads\/riga-tram-1024x683.webp\" alt=\"Tram di Riga\" class=\"wp-image-1058\" srcset=\"https:\/\/riga-stag-do.com\/wp-content\/uploads\/riga-tram-1024x683.webp 1024w, https:\/\/riga-stag-do.com\/wp-content\/uploads\/riga-tram-300x200.webp 300w, https:\/\/riga-stag-do.com\/wp-content\/uploads\/riga-tram-768x512.webp 768w, https:\/\/riga-stag-do.com\/wp-content\/uploads\/riga-tram-1536x1024.webp 1536w, https:\/\/riga-stag-do.com\/wp-content\/uploads\/riga-tram-2048x1365.webp 2048w, https:\/\/riga-stag-do.com\/wp-content\/uploads\/riga-tram-18x12.webp 18w, https:\/\/riga-stag-do.com\/wp-content\/uploads\/riga-tram-scaled.webp 1920w\" sizes=\"auto, (max-width: 1024px) 100vw, 1024px\" \/><figcaption class=\"wp-element-caption\">Riga dispone anche di alcuni tram della vecchia scuola per rendere pi\u00f9 vivace la vostra esperienza di trasporto pubblico.<\/figcaption><\/figure>\n\n\n\n<h3 class=\"wp-block-heading\">Volare<\/h3>\n\n\n\n<p>L'aereo \u00e8 un'opzione popolare, e potete arrivare all'Aeroporto Internazionale di Riga, situato a soli 10 km dal centro della citt\u00e0. L'aeroporto offre voli regolari da e per le principali citt\u00e0 d'Europa e non solo, quindi potete facilmente raggiungere Riga da qualsiasi parte del mondo.<\/p>\n\n\n\n<h3 class=\"wp-block-heading\">Treno<\/h3>\n\n\n\n<p>Se preferite un viaggio panoramico, viaggiare in treno \u00e8 un ottimo modo per raggiungere Riga. La citt\u00e0 \u00e8 ben collegata con le altre principali citt\u00e0 della Lettonia e di altri Paesi europei, e lungo il tragitto potrete godere di splendide viste sulla campagna lettone.<\/p>\n\n\n\n<h3 class=\"wp-block-heading\">Barca<\/h3>\n\n\n\n<p>Se state cercando un modo unico e panoramico per raggiungere Riga, viaggiare in barca \u00e8 un'opzione eccellente. Situata sulla costa del Mar Baltico, Riga \u00e8 facilmente raggiungibile in barca da molti porti vicini, tra cui Helsinki, Stoccolma e Tallinn.&nbsp;<\/p>\n\n\n\n<h3 class=\"wp-block-heading\">Auto<\/h3>\n\n\n\n<p>Guidare \u00e8 un modo comodo e panoramico per raggiungere Riga. Il sistema stradale lettone \u00e8 ben tenuto, il che rende il viaggio agevole, e nel centro della citt\u00e0 sono disponibili numerosi parcheggi pubblici. Guidare fino a Riga offre anche la possibilit\u00e0 di esplorare la campagna lettone lungo il percorso, rendendo il viaggio verso questa splendida citt\u00e0 unico e memorabile.<\/p>\n\n\n\n<h3 class=\"wp-block-heading\">Autobus<\/h3>\n\n\n\n<p>Infine, gli autobus sono disponibili come opzione di trasporto per coloro che preferiscono un ritmo pi\u00f9 tranquillo e la possibilit\u00e0 di vedere pi\u00f9 della pittoresca campagna lettone. Sebbene non sia l'opzione pi\u00f9 veloce, \u00e8 sicuramente quella pi\u00f9 panoramica.<\/p>\n\n\n\n<p>Indipendentemente dall'opzione di trasporto scelta, Riga \u00e8 un'ottima destinazione per un viaggio ed \u00e8 facilmente raggiungibile da tutto il mondo.<\/p>","protected":false},"excerpt":{"rendered":"<p>Siete alla ricerca di un addio al celibato indimenticabile? Non cercate altro che Riga, una delle citt\u00e0 pi\u00f9 belle ed emozionanti della regione baltica! Grazie alle numerose opzioni di trasporto disponibili, raggiungere la citt\u00e0 \u00e8 facile e senza problemi. Trovate l'opzione migliore per i vostri amici e iniziate la vostra avventura! Volare Il volo \u00e8 un mezzo di trasporto ... <a href=\"https:\/\/riga-stag-do.com\/it\/come-arrivare-a-riga\/\">Continua<\/a><\/p>","protected":false},"author":35,"featured_media":1043,"parent":0,"menu_order":0,"comment_status":"closed","ping_status":"closed","template":"","meta":{"_acf_changed":false,"footnotes":""},"class_list":["post-533","page","type-page","status-publish","has-post-thumbnail","hentry"],"acf":{"page_subheading":"Find the best way to get to Riga and start your adventure exploring the stunning landscapes, rich culture, and fascinating history of this vibrant capital city. "},"_links":{"self":[{"href":"https:\/\/riga-stag-do.com\/it\/wp-json\/wp\/v2\/pages\/533","targetHints":{"allow":["GET"]}}],"collection":[{"href":"https:\/\/riga-stag-do.com\/it\/wp-json\/wp\/v2\/pages"}],"about":[{"href":"https:\/\/riga-stag-do.com\/it\/wp-json\/wp\/v2\/types\/page"}],"author":[{"embeddable":true,"href":"https:\/\/riga-stag-do.com\/it\/wp-json\/wp\/v2\/users\/35"}],"replies":[{"embeddable":true,"href":"https:\/\/riga-stag-do.com\/it\/wp-json\/wp\/v2\/comments?post=533"}],"version-history":[{"count":6,"href":"https:\/\/riga-stag-do.com\/it\/wp-json\/wp\/v2\/pages\/533\/revisions"}],"predecessor-version":[{"id":1175,"href":"https:\/\/riga-stag-do.com\/it\/wp-json\/wp\/v2\/pages\/533\/revisions\/1175"}],"wp:featuredmedia":[{"embeddable":true,"href":"https:\/\/riga-stag-do.com\/it\/wp-json\/wp\/v2\/media\/1043"}],"wp:attachment":[{"href":"https:\/\/riga-stag-do.com\/it\/wp-json\/wp\/v2\/media?parent=533"}],"curies":[{"name":"wp","href":"https:\/\/api.w.org\/{rel}","templated":true}]}}